{"id":17,"date":"2018-03-15T10:42:45","date_gmt":"2018-03-15T09:42:45","guid":{"rendered":"http:\/\/tchanca.fr\/?page_id=17"},"modified":"2019-10-18T10:14:31","modified_gmt":"2019-10-18T08:14:31","slug":"a-propos-de","status":"publish","type":"page","link":"https:\/\/tchanca.fr\/index.php\/a-propos-de\/","title":{"rendered":"Pourquoi Tchanc\u00e0 ?"},"content":{"rendered":"<p><img loading=\"lazy\" class=\"wp-image-212 size-medium alignright\" src=\"http:\/\/tchanca.fr\/wp-content\/uploads\/2019\/09\/ombres-169x300.jpg\" alt=\"\" width=\"169\" height=\"300\" srcset=\"https:\/\/tchanca.fr\/wp-content\/uploads\/2019\/09\/ombres-169x300.jpg 169w, https:\/\/tchanca.fr\/wp-content\/uploads\/2019\/09\/ombres-576x1024.jpg 576w, https:\/\/tchanca.fr\/wp-content\/uploads\/2019\/09\/ombres.jpg 747w\" sizes=\"(max-width: 169px) 100vw, 169px\" \/><\/p>\n<p style=\"text-align: left;\"><span style=\"color: #46474d;\"><span style=\"color: #333333;\">Tchanc\u00e0<\/span> <em>(<\/em><em>\u00e9chasses*\u00a0: se d\u00e9placer en terrain difficile)<\/em><\/span><span style=\"color: #46474d;\">\u00a0accompagne les entreprises (les salari\u00e9s, les \u00e9quipes et les projets) dans leurs transformations professionnelles individuelles et collectives. <\/span><\/p>\n<p style=\"text-align: left;\"><span style=\"color: #46474d;\">Faire appel \u00e0 Tchanc\u00e0, c&#8217;est se donner les moyens de\u00a0<\/span><span style=\"color: #46474d;\">prendre de la hauteur, d&#8217;envisager un champ des possibles plus large et de voir plus loin. C&#8217;est apprendre \u00e0 faire autrement, se mettre en mouvement et trouver l\u2019\u00e9quilibre pour atteindre l\u2019objectif vis\u00e9, tout en prenant du plaisir dans cette nouvelle voie. C<\/span><span style=\"color: #46474d;\">\u2019est agir professionnellement pour se transformer.<\/span><\/p>\n<p>\u00a0<\/p>\n<p><em>*Parce que les \u00e9chasses permettent de (se)grandir et d\u2019arriver \u00e0 traverser une situation \u00ab\u00a0compliqu\u00e9e\u00a0\u00bb (les \u00e9chasses ont \u00e9t\u00e9 utilis\u00e9es pour pouvoir se d\u00e9placer dans une r\u00e9gion \u00e0 l\u2019\u00e9poque mar\u00e9cageuse, les Landes).<\/em> <em>Elles symbolisent le fait de prendre de la hauteur, d&#8217;accepter un d\u00e9s\u00e9quilibre temporaire pour se transformer, pour apprendre \u00e0 faire autrement, retrouver un \u00e9quilibre et atteindre son objectif&#8230;<br \/>Parce que les \u00e9chasses ont toujours une dimension symbolique forte en lien avec les racines. Or dans tout processus de transformation individuel ou collectif, il est n\u00e9cessaire de s\u2019appuyer sur qui l\u2019on est pour pouvoir se transformer et \u00ab\u00a0apprendre \u00e0 apprendre\u00a0\u00bb \u00e0 faire autrement.<br \/>Moyen de se surpasser pour certains, utilisation festive pour d\u2019autres, processus cr\u00e9atif au th\u00e9\u00e2tre o\u00f9 elles permettaient d\u2019inventer de nouveaux personnages, elles sont aussi r\u00e9solument contemporaines et urbaines.<\/em><\/p>\n\n\n<p><\/p>\n","protected":false},"excerpt":{"rendered":"<p>Tchanc\u00e0 (\u00e9chasses*\u00a0: se d\u00e9placer en terrain difficile)\u00a0accompagne les entreprises (les salari\u00e9s, les \u00e9quipes et les projets) dans leurs transformations professionnelles individuelles et collectives. Faire appel \u00e0 Tchanc\u00e0, c&#8217;est se donner les moyens de\u00a0prendre de la hauteur, d&#8217;envisager un champ des possibles plus large et de voir plus loin. C&#8217;est apprendre \u00e0 faire autrement, se mettre &hellip; <a href=\"https:\/\/tchanca.fr\/index.php\/a-propos-de\/\" class=\"more-link\">Continue reading <span class=\"screen-reader-text\">Pourquoi Tchanc\u00e0 ?<\/span><\/a><\/p>\n","protected":false},"author":1,"featured_media":0,"parent":0,"menu_order":0,"comment_status":"closed","ping_status":"closed","template":"","meta":[],"_links":{"self":[{"href":"https:\/\/tchanca.fr\/index.php\/wp-json\/wp\/v2\/pages\/17"}],"collection":[{"href":"https:\/\/tchanca.fr\/index.php\/wp-json\/wp\/v2\/pages"}],"about":[{"href":"https:\/\/tchanca.fr\/index.php\/wp-json\/wp\/v2\/types\/page"}],"author":[{"embeddable":true,"href":"https:\/\/tchanca.fr\/index.php\/wp-json\/wp\/v2\/users\/1"}],"replies":[{"embeddable":true,"href":"https:\/\/tchanca.fr\/index.php\/wp-json\/wp\/v2\/comments?post=17"}],"version-history":[{"count":7,"href":"https:\/\/tchanca.fr\/index.php\/wp-json\/wp\/v2\/pages\/17\/revisions"}],"predecessor-version":[{"id":215,"href":"https:\/\/tchanca.fr\/index.php\/wp-json\/wp\/v2\/pages\/17\/revisions\/215"}],"wp:attachment":[{"href":"https:\/\/tchanca.fr\/index.php\/wp-json\/wp\/v2\/media?parent=17"}],"curies":[{"name":"wp","href":"https:\/\/api.w.org\/{rel}","templated":true}]}}